{"id":38106,"date":"2021-12-07T08:15:44","date_gmt":"2021-12-07T07:15:44","guid":{"rendered":"https:\/\/human-connection.org\/?page_id=38106"},"modified":"2022-01-14T08:43:43","modified_gmt":"2022-01-14T07:43:43","slug":"app-terms-of-conditions","status":"publish","type":"page","link":"https:\/\/human-connection.org\/en\/app-terms-of-conditions\/","title":{"rendered":"app-Terms of Conditions"},"content":{"rendered":"<div class=\"fusion-fullwidth fullwidth-box fusion-builder-row-1 nonhundred-percent-fullwidth non-hundred-percent-height-scrolling\" style=\"background-color: rgba(255,255,255,0);background-position: center center;background-repeat: no-repeat;padding-top:0px;padding-right:0px;padding-bottom:0px;padding-left:0px;margin-bottom: 0px;margin-top: 0px;border-width: 0px 0px 0px 0px;border-color:#eae9e9;border-style:solid;\" ><div class=\"fusion-builder-row fusion-row\"><div class=\"fusion-layout-column fusion_builder_column fusion-builder-column-0 fusion_builder_column_1_1 1_1 fusion-one-full fusion-column-first fusion-column-last\" style=\"margin-top:0px;margin-bottom:0px;\"><div class=\"fusion-column-wrapper fusion-flex-column-wrapper-legacy\" style=\"background-position:left top;background-repeat:no-repeat;-webkit-background-size:cover;-moz-background-size:cover;-o-background-size:cover;background-size:cover;padding: 0px 0px 0px 0px;\"><div class=\"fusion-text fusion-text-1\"><p>NUTZUNGSBEDINGUNGEN<\/p>\n<p>Die folgenden Nutzungsbedingungen sind Basis f\u00fcr die Nutzung unserer Dienste. Beim Registrieren musst Du sie anerkennen und wir werden Dich auch sp\u00e4ter \u00fcber ggf. stattfindende \u00c4nderungen informieren.<\/p>\n<p>Die Human Connection gemeinn\u00fctzige GmbH wird in Deutschland betrieben und unterliegt daher deutschem Recht. Gerichtsstand ist Kirchheim \/ Teck.<\/p>\n<div class=\"video-shortcode\">\n<blockquote class=\"wp-embedded-content\" data-secret=\"kJFy29HYI4\">\n<p><a href=\"https:\/\/human-connection.org\/en\/imprint\/\">IMPRESSUM<\/a><\/p>\n<\/blockquote>\n<p><iframe class=\"wp-embedded-content\" sandbox=\"allow-scripts\" security=\"restricted\" style=\"position: absolute; clip: rect(1px, 1px, 1px, 1px);\" title=\"&#8220;IMPRESSUM&#8221; &#8212; Human Connection\" src=\"https:\/\/human-connection.org\/en\/imprint\/embed\/#?secret=kJFy29HYI4\" data-secret=\"kJFy29HYI4\" width=\"600\" height=\"338\" frameborder=\"0\" marginwidth=\"0\" marginheight=\"0\" scrolling=\"no\"><\/iframe><\/div>\n<p>Human Connection gemeinn\u00fctzige GmbH ist wegen F\u00f6rderung internationaler Gesinnung, der Toleranz auf allen Gebieten der Kultur und des V\u00f6lkerverst\u00e4ndigungsgedankens als gemeinn\u00fctzig anerkannt und eingetragen. Deshalb setzen wir uns daf\u00fcr ein, alles in unserer Macht Stehende zu tun, um jegliche Formen von Gesetzeswidrigkeiten, Diskriminierung und Intoleranz von unserer Plattform fernzuhalten und moderieren entsprechende Registrierungen bzw. lehnen sie ab.<\/p>\n<p>Das Human Connection Community Portal verbindet Menschen auf einfache Weise, indem diese Kontaktdaten untereinander austauschen und nach Wunsch in Verbindung treten k\u00f6nnen.<\/p>\n<p>Mit Registrierung bei der Human Connection-Uhr bzw. der Human Connection Community, erwarten wir von Dir, dass Du respektvoll und freundlich mit Deinen Mitmenschen umgehst. Wir gehen respektvoll mit anderen um. Dabei spielen Sexualit\u00e4t, Religion, Geschlecht, Nationalit\u00e4t und Herkunft keine Rolle. Wir erwarten von den Menschen bei Human Connection, dass sie sich an lokal geltende Gesetze halten und einander respektvoll entgegentreten, auch wenn bestimmte Ansichten nicht dem eigenen Glauben oder der eigenen Meinung entsprechen. Indem wir Menschen mit unterschiedlichen Hintergr\u00fcnden zusammenbringen, f\u00f6rdert Human Connection das Verst\u00e4ndnis und die Wertsch\u00e4tzung der Gemeinsamkeiten aller Menschen und tr\u00e4gt dazu bei, Vorurteile, die durch Irrglauben, Fehlinformationen und Missverst\u00e4ndnisse entstanden sind, zu \u00fcberwinden. Wir treten Menschen jeglicher Herkunft offen gegen\u00fcber. Jeder Mensch ist Teil einer gro\u00dfen Gemeinschaft. Voreingenommenheit, Vorurteile, Rassismus und Hass haben in unserer Community keinen Platz.<br \/>\nNach Austausch der Kontaktdaten findet die Kommunikation au\u00dferhalb Human Connection statt. Hierauf hat Human Connection keinen Einfluss oder Zugriff und kann auch nicht moderieren.<\/p>\n<p>SICHERHEIT<br \/>\nObwohl Human Connection bestrebt ist, eine respektvolle Nutzererfahrung zu f\u00f6rdern, ist Human Connection nicht f\u00fcr das Verhalten von Mitgliedern au\u00dferhalb des Dienstes verantwortlich. Du erkl\u00e4rst Dich damit einverstanden, bei allen Interaktionen mit anderen Mitgliedern vorsichtig vorzugehen, wenn Du Dich dazu entschlie\u00dft, au\u00dferhalb Human Connection zu kommunizieren oder die Mitglieder pers\u00f6nlich zu treffen. Dar\u00fcber hinaus erkl\u00e4rst Du Dich damit einverstanden, die Sicherheitstipps von Human Connection zu lesen und zu befolgen, bevor Du den Dienst nutzt. Du stimmst zu, keine finanzrelevanten Informationen (z. B. Kreditkarten- oder Bankkontodaten) gegen\u00fcber anderen Mitgliedern preiszugeben bzw. kein Geld durch \u00dcberweisung oder anderweitig an diese zu versenden.<\/p>\n<p>DU BIST ALLEIN F\u00dcR DEINE INTERAKTIONEN MIT ANDEREN MITGLIEDERN VERANTWORTLICH. SEI DIR DAR\u00dcBER BEWUSST, DASS HUMAN CONNECTION KEINE \u00dcBERPR\u00dcFUNG DER KRIMINELLEN VERGANGENHEIT BEI SEINEN MITGLIEDERN VORNIMMT ODER SICH ANDERWEITIG \u00dcBER DIE VERGANGENHEIT UND HINTERGR\u00dcNDE SEINER MITGLIEDER ERKUNDIGT. HUMAN CONNECTION GIBT KEINE ZUSICHERUNGEN ODER GARANTIEN HINSICHTLICH DES VERHALTENS ODER DER VEREINBARKEIT DER MITGLIEDER.<\/p>\n<p>MELDE SCHLECHTES VERHALTEN<\/p>\n<p>Au\u00dferhalb von Human Connection:<\/p>\n<p>Setze dich, wenn n\u00f6tig, mit der Polizei in Verbindung und melde dich danach bei uns.<\/p>\n<div class=\"video-shortcode\">\n<blockquote class=\"wp-embedded-content\" data-secret=\"VOvkJZXmt7\">\n<p><a href=\"https:\/\/human-connection.org\/en\/imprint\/\">IMPRESSUM<\/a><\/p>\n<\/blockquote>\n<p><iframe class=\"wp-embedded-content\" sandbox=\"allow-scripts\" security=\"restricted\" style=\"position: absolute; clip: rect(1px, 1px, 1px, 1px);\" title=\"&#8220;IMPRESSUM&#8221; &#8212; Human Connection\" src=\"https:\/\/human-connection.org\/en\/imprint\/embed\/#?secret=VOvkJZXmt7\" data-secret=\"VOvkJZXmt7\" width=\"600\" height=\"338\" frameborder=\"0\" marginwidth=\"0\" marginheight=\"0\" scrolling=\"no\"><\/iframe><\/div>\n<p>Hier findest Du unsere Sicherheitstipps (LINK)<\/p>\n<p>Human Connection beh\u00e4lt sich das Recht vor, Dein Konto zu k\u00fcndigen, wenn Du den Dienst missbraucht oder Du Dich in einer Weise verhalten hast, das Human Connection als unangemessen, rechtswidrig oder als Versto\u00df gegen die Nutzungsbedingungen betrachtet, darunter Handlungen oder Kommunikation, die au\u00dferhalb des Dienstes stattfinden, jedoch Nutzer betreffen, die Sie \u00fcber den Dienst treffen.<\/p>\n<p>RECHTE UND PFLICHTEN<\/p>\n<p>Die Human Connection Dienste d\u00fcrfen ausschlie\u00dflich nur f\u00fcr private Zwecke benutzt werden. Der Nutzer hat keinen Rechtsanspruch auf dauerhafte Nutzung der Community. Die Nutzung der Human Connection Community sowie die Registrierung auf der Human Connection-Uhr sind kostenfrei.<\/p>\n<p>Der Nutzer hat keinen Rechtsanspruch auf dauerhafte Nutzung der Community. Insbesondere ist Human Connection nicht verpflichtet, eine jederzeitige Verf\u00fcgbarkeit oder Erreichbarkeit seiner Dienste herzustellen. Human Connection bem\u00fcht sich jedoch, den Betrieb der Community m\u00f6glichst st\u00f6rungsfrei aufrecht zu erhalten und gem\u00e4\u00df den Bed\u00fcrfnissen der Nutzer weiterzuentwickeln. Human Connection \u00fcbernimmt hierbei jedoch keinerlei Gew\u00e4hr f\u00fcr die Verf\u00fcgbarkeit und M\u00e4ngelfreiheit der Community.<\/p>\n<p>Human Connection beh\u00e4lt sich ausdr\u00fccklich vor, den angebotenen Dienst oder Teile des Dienstes jederzeit zu ver\u00e4ndern, einzuschr\u00e4nken oder vollst\u00e4ndig einzustellen. Der Dienst kann insbesondere wegen Wartungsarbeiten vor\u00fcbergehend nicht verf\u00fcgbar sein, ohne dass dem Nutzer hieraus Anspr\u00fcche gegen Human Connection erwachsen w\u00fcrden.<\/p>\n<p>Bei einem Versto\u00df des Nutzers gegen diese Nutzungsbedingungen, ist Human Connection berechtigt, von ihrem virtuellen Hausrecht Gebrauch zu machen. Dies bedeutet, dass Human Connection gegen\u00fcber dem betreffenden Nutzer berechtigt ist, diesen mit Hilfe einer Sperre auszuschlie\u00dfen und die von ihm verwendeten Inhalte vollumf\u00e4nglich zu l\u00f6schen.<\/p>\n<p>HAFTUNG<\/p>\n<p>Human Connection haftet nicht f\u00fcr Sch\u00e4den, die auf unsorgf\u00e4ltigem Umgang des Nutzers mit seinem Benutzernamen, seinem Passwort oder seinen sonstigen Daten beruhen. Der Nutzer tr\u00e4gt die Verantwortung f\u00fcr den sorgf\u00e4ltigen Umgang mit seinen Daten, insbesondere seinem Passwort und hat daf\u00fcr Sorge zu tragen, dass ein Missbrauch durch unbefugte Dritte ausgeschlossen ist. F\u00fcr etwaige Sch\u00e4den ist der Nutzer allein verantwortlich.<\/p>\n<p>NUTZUNG UND LIZENZ<\/p>\n<p>Sind Inhalte, die Du bei uns einstellst, durch Rechte am geistigen Eigentum gesch\u00fctzt, erteilst Du uns eine nicht-exklusive, \u00fcbertragbare, unterlizenzierbare und weltweite Lizenz f\u00fcr die Nutzung dieser Inhalte. Diese Lizenz endet, sobald Du Deine Inhalte oder Deinen ganzen Account l\u00f6schst.<\/p>\n<p>DATENSCHUTZ<\/p>\n<p>\u00dcberlege Dir, wie Du mit Deinen pers\u00f6nlichen Daten umgehen m\u00f6chtest.<\/p>\n<p>Unsere Dienste sind ein verbindendes Portal von Mensch zu Mensch. Du hast die M\u00f6glichkeit, komplett anonym bei Human Connection zu registrieren oder z.B. nur einen Vornamen angeben. Du kannst sp\u00e4ter jederzeit in den Profileinstellungen \u00e4ndern.<\/p>\n<p>\u00dcberlege Dir, ob Du ein pers\u00f6nliches Bild von Dir auf der Human Connection-Uhr verwenden m\u00f6chtest. Ein pers\u00f6nliches Foto ist in jedem Fall eine Bereicherung und erh\u00f6ht auch die Chancen einer Kontaktanfrage, solltest Du nach Gleichgesinnten suchen und Dein Profil zur Auffindbarkeit in der Community aktiv schalten.<br \/>\nIm Zweifelsfall kannst Du Dir auch eine Extra-Emailadresse (Wegwerfaddresse) zulegen, um Dich besser zu sch\u00fctzen.<\/p>\n<p>In den Profileinstellungen kannst Du jederzeit Deinen Status, Vornamen, Namen, Deine Nachricht an die Welt sowie Dein Foto bearbeiten und \u00e4ndern. Au\u00dferdem kannst Du Dein Profil jederzeit l\u00f6schen. Die Stimme auf dem Z\u00e4hler der Human Connection-Uhr bleibt jedoch auch nach L\u00f6schung der pers\u00f6nlichen Daten erhalten.<\/p>\n<p>Teil der Nutzungsbedingungen ist unsere Datenschutzerkl\u00e4rung, die Dich \u00fcber die einzelnen Datenverarbeitungen unserer Dienste informiert:<\/p>\n<div class=\"video-shortcode\">\n<blockquote class=\"wp-embedded-content\" data-secret=\"DuQB9oCGLp\">\n<p><a href=\"https:\/\/human-connection.org\/en\/privacy\/\">DATENSCHUTZ<\/a><\/p>\n<\/blockquote>\n<p><iframe class=\"wp-embedded-content\" sandbox=\"allow-scripts\" security=\"restricted\" style=\"position: absolute; clip: rect(1px, 1px, 1px, 1px);\" title=\"&#8220;DATENSCHUTZ&#8221; &#8212; Human Connection\" src=\"https:\/\/human-connection.org\/en\/privacy\/embed\/#?secret=DuQB9oCGLp\" data-secret=\"DuQB9oCGLp\" width=\"600\" height=\"338\" frameborder=\"0\" marginwidth=\"0\" marginheight=\"0\" scrolling=\"no\"><\/iframe><\/div>\n<p>Unsere Datenschutzerkl\u00e4rung wird je nach Gesetzeslage und Eigenschaften unserer Dienste angepasst und ist jeweils in der aktuellen Version g\u00fcltig.<\/p>\n<p>FEHLER UND FEEDBACK<\/p>\n<p>Wir geben uns gr\u00f6\u00dfte M\u00fche, unsere Dienste und die Daten sicher und verf\u00fcgbar zu halten. Trotzdem kann es passieren, dass unvorhergesehene Fehler auftreten. Daher sind wir dankbar f\u00fcr jeden gemeldeten Fehler. Du kannst von Dir entdeckte Fehler gerne per E-Mail an den Support mitteilen: support@human-connection.org<\/p>\n<\/div><div class=\"fusion-clearfix\"><\/div><\/div><\/div><\/div><\/div>\n","protected":false},"excerpt":{"rendered":"","protected":false},"author":16,"featured_media":0,"parent":0,"menu_order":0,"comment_status":"closed","ping_status":"closed","template":"blank.php","meta":{"footnotes":""},"class_list":["post-38106","page","type-page","status-publish","hentry"],"yoast_head":"<!-- This site is optimized with the Yoast SEO plugin v24.8.1 - https:\/\/yoast.com\/wordpress\/plugins\/seo\/ -->\n<title>app-Terms of Conditions | Human Connection<\/title>\n<meta name=\"robots\" content=\"index, follow, max-snippet:-1, max-image-preview:large, max-video-preview:-1\" \/>\n<link rel=\"canonical\" href=\"https:\/\/human-connection.org\/en\/app-terms-of-conditions\/\" \/>\n<meta property=\"og:locale\" content=\"en_US\" \/>\n<meta property=\"og:type\" content=\"article\" \/>\n<meta property=\"og:title\" content=\"app-Terms of Conditions | Human Connection\" \/>\n<meta property=\"og:url\" content=\"https:\/\/human-connection.org\/en\/app-terms-of-conditions\/\" \/>\n<meta property=\"og:site_name\" content=\"Human Connection\" \/>\n<meta property=\"article:publisher\" content=\"https:\/\/www.facebook.com\/HumanConnectionOrg\/\" \/>\n<meta property=\"article:modified_time\" content=\"2022-01-14T07:43:43+00:00\" \/>\n<meta name=\"twitter:card\" content=\"summary_large_image\" \/>\n<meta name=\"twitter:site\" content=\"@hc_deutschland\" \/>\n<meta name=\"twitter:label1\" content=\"Est. reading time\" \/>\n\t<meta name=\"twitter:data1\" content=\"6 minutes\" \/>\n<script type=\"application\/ld+json\" class=\"yoast-schema-graph\">{\"@context\":\"https:\/\/schema.org\",\"@graph\":[{\"@type\":\"WebPage\",\"@id\":\"https:\/\/human-connection.org\/en\/app-terms-of-conditions\/\",\"url\":\"https:\/\/human-connection.org\/en\/app-terms-of-conditions\/\",\"name\":\"app-Terms of Conditions | Human Connection\",\"isPartOf\":{\"@id\":\"https:\/\/human-connection.org\/en\/#website\"},\"datePublished\":\"2021-12-07T07:15:44+00:00\",\"dateModified\":\"2022-01-14T07:43:43+00:00\",\"inLanguage\":\"en-US\",\"potentialAction\":[{\"@type\":\"ReadAction\",\"target\":[\"https:\/\/human-connection.org\/en\/app-terms-of-conditions\/\"]}]},{\"@type\":\"WebSite\",\"@id\":\"https:\/\/human-connection.org\/en\/#website\",\"url\":\"https:\/\/human-connection.org\/en\/\",\"name\":\"Human Connection\",\"description\":\"Together we are setting a example!\",\"publisher\":{\"@id\":\"https:\/\/human-connection.org\/en\/#organization\"},\"potentialAction\":[{\"@type\":\"SearchAction\",\"target\":{\"@type\":\"EntryPoint\",\"urlTemplate\":\"https:\/\/human-connection.org\/en\/?s={search_term_string}\"},\"query-input\":{\"@type\":\"PropertyValueSpecification\",\"valueRequired\":true,\"valueName\":\"search_term_string\"}}],\"inLanguage\":\"en-US\"},{\"@type\":\"Organization\",\"@id\":\"https:\/\/human-connection.org\/en\/#organization\",\"name\":\"Human Connection gemeinn\u00fctzige GmbH\",\"url\":\"https:\/\/human-connection.org\/en\/\",\"logo\":{\"@type\":\"ImageObject\",\"inLanguage\":\"en-US\",\"@id\":\"https:\/\/human-connection.org\/en\/#\/schema\/logo\/image\/\",\"url\":\"https:\/\/human-connection.org\/wp-content\/uploads\/2020\/11\/hc_logo_transparent.png\",\"contentUrl\":\"https:\/\/human-connection.org\/wp-content\/uploads\/2020\/11\/hc_logo_transparent.png\",\"width\":1936,\"height\":567,\"caption\":\"Human Connection gemeinn\u00fctzige GmbH\"},\"image\":{\"@id\":\"https:\/\/human-connection.org\/en\/#\/schema\/logo\/image\/\"},\"sameAs\":[\"https:\/\/www.facebook.com\/HumanConnectionOrg\/\",\"https:\/\/x.com\/hc_deutschland\",\"https:\/\/www.instagram.com\/hc_deutschland\/\",\"https:\/\/www.youtube.com\/c\/HumanConnectionNetwork\"]}]}<\/script>\n<!-- \/ Yoast SEO plugin. -->","yoast_head_json":{"title":"app-Terms of Conditions | Human Connection","robots":{"index":"index","follow":"follow","max-snippet":"max-snippet:-1","max-image-preview":"max-image-preview:large","max-video-preview":"max-video-preview:-1"},"canonical":"https:\/\/human-connection.org\/en\/app-terms-of-conditions\/","og_locale":"en_US","og_type":"article","og_title":"app-Terms of Conditions | Human Connection","og_url":"https:\/\/human-connection.org\/en\/app-terms-of-conditions\/","og_site_name":"Human Connection","article_publisher":"https:\/\/www.facebook.com\/HumanConnectionOrg\/","article_modified_time":"2022-01-14T07:43:43+00:00","twitter_card":"summary_large_image","twitter_site":"@hc_deutschland","twitter_misc":{"Est. reading time":"6 minutes"},"schema":{"@context":"https:\/\/schema.org","@graph":[{"@type":"WebPage","@id":"https:\/\/human-connection.org\/en\/app-terms-of-conditions\/","url":"https:\/\/human-connection.org\/en\/app-terms-of-conditions\/","name":"app-Terms of Conditions | Human Connection","isPartOf":{"@id":"https:\/\/human-connection.org\/en\/#website"},"datePublished":"2021-12-07T07:15:44+00:00","dateModified":"2022-01-14T07:43:43+00:00","inLanguage":"en-US","potentialAction":[{"@type":"ReadAction","target":["https:\/\/human-connection.org\/en\/app-terms-of-conditions\/"]}]},{"@type":"WebSite","@id":"https:\/\/human-connection.org\/en\/#website","url":"https:\/\/human-connection.org\/en\/","name":"Human Connection","description":"Together we are setting a example!","publisher":{"@id":"https:\/\/human-connection.org\/en\/#organization"},"potentialAction":[{"@type":"SearchAction","target":{"@type":"EntryPoint","urlTemplate":"https:\/\/human-connection.org\/en\/?s={search_term_string}"},"query-input":{"@type":"PropertyValueSpecification","valueRequired":true,"valueName":"search_term_string"}}],"inLanguage":"en-US"},{"@type":"Organization","@id":"https:\/\/human-connection.org\/en\/#organization","name":"Human Connection gemeinn\u00fctzige GmbH","url":"https:\/\/human-connection.org\/en\/","logo":{"@type":"ImageObject","inLanguage":"en-US","@id":"https:\/\/human-connection.org\/en\/#\/schema\/logo\/image\/","url":"https:\/\/human-connection.org\/wp-content\/uploads\/2020\/11\/hc_logo_transparent.png","contentUrl":"https:\/\/human-connection.org\/wp-content\/uploads\/2020\/11\/hc_logo_transparent.png","width":1936,"height":567,"caption":"Human Connection gemeinn\u00fctzige GmbH"},"image":{"@id":"https:\/\/human-connection.org\/en\/#\/schema\/logo\/image\/"},"sameAs":["https:\/\/www.facebook.com\/HumanConnectionOrg\/","https:\/\/x.com\/hc_deutschland","https:\/\/www.instagram.com\/hc_deutschland\/","https:\/\/www.youtube.com\/c\/HumanConnectionNetwork"]}]}},"_links":{"self":[{"href":"https:\/\/human-connection.org\/en\/wp-json\/wp\/v2\/pages\/38106","targetHints":{"allow":["GET"]}}],"collection":[{"href":"https:\/\/human-connection.org\/en\/wp-json\/wp\/v2\/pages"}],"about":[{"href":"https:\/\/human-connection.org\/en\/wp-json\/wp\/v2\/types\/page"}],"author":[{"embeddable":true,"href":"https:\/\/human-connection.org\/en\/wp-json\/wp\/v2\/users\/16"}],"replies":[{"embeddable":true,"href":"https:\/\/human-connection.org\/en\/wp-json\/wp\/v2\/comments?post=38106"}],"version-history":[{"count":0,"href":"https:\/\/human-connection.org\/en\/wp-json\/wp\/v2\/pages\/38106\/revisions"}],"wp:attachment":[{"href":"https:\/\/human-connection.org\/en\/wp-json\/wp\/v2\/media?parent=38106"}],"curies":[{"name":"wp","href":"https:\/\/api.w.org\/{rel}","templated":true}]}}