{"id":38119,"date":"2021-12-07T08:00:31","date_gmt":"2021-12-07T07:00:31","guid":{"rendered":"https:\/\/human-connection.org\/safety-tips\/"},"modified":"2022-01-14T08:43:28","modified_gmt":"2022-01-14T07:43:28","slug":"safety-tips","status":"publish","type":"page","link":"https:\/\/human-connection.org\/fr\/safety-tips\/","title":{"rendered":"app-Safety Tips"},"content":{"rendered":"<p>HC-Community Sicherheitstipps<br \/>\nNeue Leute zu treffen ist spannend. Sei jedoch vorsichtig, wenn du mit jemandem kommunizierst, den du nicht kennst. Vertraue deinem Bauchgef\u00fchl und r\u00e4ume deiner Sicherheit erste Priorit\u00e4t ein, wenn ihr euch zum ersten mal schreibt oder trefft. Auch wenn du keinen Einfluss auf das Verhalten anderer Leute hast, kannst du bestimmte Dinge tun, um bei deiner Erfahrung mit Human Connection auf der sicheren Seite zu bleiben.<br \/>\nOnline-Sicherheit<br \/>\n\u2022 \u00dcberweise niemals Geld oder finanzrelevante Daten<br \/>\nSende niemals Geld, insbesondere per \u00dcberweisung \u2013 auch wenn die Person, die dich um Geld bittet, von einer Notfallsituation erz\u00e4hlt. Geld zu \u00fcberweisen, ist wie Geld mit der Post zu versenden: Es ist nahezu unm\u00f6glich, die \u00dcberweisung r\u00fcckg\u00e4ngig zu machen oder das Geld ausfindig zu machen. Gib niemals Informationen preis, mit denen auf deine Finanzkonten zugegriffen werden k\u00f6nnte.<br \/>\n\u2022 Sch\u00fctze deine pers\u00f6nlichen Daten<br \/>\nGib Fremden niemals pers\u00f6nliche Informationen wie deine Sozialversicherungsnummer, Wohn- oder Arbeitsadresse oder zu deinem Alltag (wie z. B., dass du montags in ein bestimmtes Fitnessstudio gehst) preis. Solltest du Kinder haben, schr\u00e4nke Informationen \u00fcber sie auf deinem Profil und in der anf\u00e4nglichen Kommunikation ein. Halte Details wie die Namen der Kinder, wo sie zur Schule gehen oder ihr Alter und Geschlecht geheim.<br \/>\n\u2022 Sei vorsichtig bei Fern- oder internationalen Kontakten<br \/>\nSei auf der Hut vor Betr\u00fcgern, die behaupten, aus deinem Land zu sein aber gerade woanders feststecken \u2013 insbesondere, wenn sie um finanzielle Hilfe f\u00fcr ihre R\u00fcckkehr bitten. Sei vorsichtig bei Menschen, die sich nicht pers\u00f6nlich treffen m\u00f6chten oder einen Telefon-\/Videoanruf meiden, da sie m\u00f6glicherweise nicht sind, wer sie zu sein vorgeben.<br \/>\n\u2022 Verd\u00e4chtiges oder anst\u00f6\u00dfiges Verhalten<br \/>\nSperre jeden, der gegen unsere Bedingungen verst\u00f6\u00dft. Hier einige Beispiele f\u00fcr Verst\u00f6\u00dfe:<br \/>\no Bitten um Geld oder Spenden<br \/>\no Minderj\u00e4hrige Nutzer<br \/>\no Bel\u00e4stigung, Drohungen und anst\u00f6\u00dfige Nachrichten<br \/>\no Unangemessenes oder sch\u00e4digendes Verhalten w\u00e4hrend oder nach einem pers\u00f6nlichen Treffen<br \/>\no Betr\u00fcgerische Profile<br \/>\no Spam oder Kundenwerbung, einschlie\u00dflich Links zu kommerziellen Websites oder der Versuch, Produkte und Dienstleistungen zu verkaufen<\/p>\n<p>\u2022 Sch\u00fctze dein Konto<br \/>\nW\u00e4hle ein sicheres Passwort und sei immer vorsichtig, wenn du dich \u00fcber einen \u00f6ffentlichen oder gemeinsam genutzten Computer in dein Konto einloggst. Human Connection wird dich nie per E-Mail nach deinem Benutzernamen und deinem Passwort fragen. Solltest du eine E-Mail erhalten, in der du zur Mitteilung deiner Kontodaten aufgefordert wirst, melde dies umgehend.<br \/>\nVerabredungen<br \/>\n\u2022 \u00dcberst\u00fcrze nichts<br \/>\nLass dir Zeit und lerne die andere Person erst kennen, bevor ihr euch trefft. Stelle Fragen, um Warnzeichen oder pers\u00f6nliche K.o.-Kriterien ausfindig zu machen. Ein Telefon- oder Videoanruf vor einem Treffen kann ein hilfreiches Auslese-Tool sein.<br \/>\n\u2022 Triff dich in der \u00d6ffentlichkeit und bleibe in der \u00d6ffentlichkeit<br \/>\nTreffe dich die ersten Male an einem gut besuchten, \u00f6ffentlichen Ort \u2013 niemals bei dir zu Hause, bei deinem Treffen oder an einem anderen privaten Ort. Wenn dein Kontakt dich unter Druck setzt, einen privaten Ort aufzusuchen, beende sofort den Kontakt und sperre ihn gegebenenfalls.<br \/>\n\u2022 Weihe Freunde und Familie in deine Pl\u00e4ne ein<br \/>\nWeihe einen Freund oder jemanden aus der Familie in deine Pl\u00e4ne ein und erz\u00e4hle auch, wo du hingehst und wann. Dein Handy sollte aufgeladen und immer bei dir sein.<br \/>\n\u2022 Entscheide selbst, wie du zu einem Treffen und wieder nach Hause kommst<br \/>\nWir m\u00f6chten, dass du die Kontrolle dar\u00fcber hast, wie du zu einem Treffen und wieder nach Hause kommst, sodass du jederzeit gehen kannst. Wenn du selbst f\u00e4hrst, solltest du auch einen Backup-Plan haben, wie z. B. eine Mitfahr-App oder einen Freund\/eine Freundin, der\/die dich abholt.<br \/>\n\u2022 Kenne deine Grenzen<br \/>\nSei dir bewusst, welche Auswirkungen Drogen oder Alkohol auf dich pers\u00f6nlich haben k\u00f6nnen \u2013 sie k\u00f6nnen dein Urteilsverm\u00f6gen und deine Wachsamkeit beeintr\u00e4chtigen. Wenn dich dein Date dr\u00e4ngt, Drogen zu konsumieren oder mehr zu trinken, als dir lieb ist, halte stand und beende das Treffen.<br \/>\n\u2022 Behalte deine Getr\u00e4nke und pers\u00f6nlichen Gegenst\u00e4nde im Auge<br \/>\nDu musst wissen, woher dein Drink kommt und wo er sich befindet. Nimm ausschlie\u00dflich Drinks an, die dir direkt vom Barkeeper oder Kellner eingeschenkt oder serviert wurden. Viele Substanzen, die in Getr\u00e4nke gesch\u00fcttet werden, um sexuelle \u00dcbergriffe zu erleichtern, sind geruchlos, farblos und geschmacklos. Halte dein Handy, deine Tasche, Geldb\u00f6rse und alles, was pers\u00f6nliche Informationen enth\u00e4lt, immer bei dir.<br \/>\n\u2022 Gehe, wenn du dich unwohl f\u00fchlst<br \/>\nEs ist in Ordnung, das Treffen fr\u00fchzeitig zu beenden, wenn du dich unwohl f\u00fchlst. Wir raten sogar dazu. Und wenn dir dein Instinkt sagt, dass etwas komisch ist, oder du deine Sicherheit gef\u00e4hrdet siehst, bitte den Barkeeper oder Kellner um Hilfe.<\/p>\n<p>&nbsp;<\/p>\n","protected":false},"excerpt":{"rendered":"<p>HC-Community Sicherheitstipps Neue Leute zu treffen ist spannend. Sei jedoch [&hellip;]<\/p>\n","protected":false},"author":16,"featured_media":0,"parent":0,"menu_order":0,"comment_status":"closed","ping_status":"closed","template":"blank.php","meta":{"footnotes":""},"class_list":["post-38119","page","type-page","status-publish","hentry"],"yoast_head":"<!-- This site is optimized with the Yoast SEO plugin v24.8.1 - https:\/\/yoast.com\/wordpress\/plugins\/seo\/ -->\n<title>app-Safety Tips | Human Connection<\/title>\n<meta name=\"robots\" content=\"index, follow, max-snippet:-1, max-image-preview:large, max-video-preview:-1\" \/>\n<link rel=\"canonical\" href=\"https:\/\/human-connection.org\/fr\/safety-tips\/\" \/>\n<meta property=\"og:locale\" content=\"fr_FR\" \/>\n<meta property=\"og:type\" content=\"article\" \/>\n<meta property=\"og:title\" content=\"app-Safety Tips | Human Connection\" \/>\n<meta property=\"og:description\" content=\"HC-Community Sicherheitstipps Neue Leute zu treffen ist spannend. Sei jedoch [&hellip;]\" \/>\n<meta property=\"og:url\" content=\"https:\/\/human-connection.org\/fr\/safety-tips\/\" \/>\n<meta property=\"og:site_name\" content=\"Human Connection\" \/>\n<meta property=\"article:publisher\" content=\"https:\/\/www.facebook.com\/HumanConnectionOrg\/\" \/>\n<meta property=\"article:modified_time\" content=\"2022-01-14T07:43:28+00:00\" \/>\n<meta name=\"twitter:card\" content=\"summary_large_image\" \/>\n<meta name=\"twitter:site\" content=\"@hc_deutschland\" \/>\n<meta name=\"twitter:label1\" content=\"Dur\u00e9e de lecture estim\u00e9e\" \/>\n\t<meta name=\"twitter:data1\" content=\"4 minutes\" \/>\n<script type=\"application\/ld+json\" class=\"yoast-schema-graph\">{\"@context\":\"https:\/\/schema.org\",\"@graph\":[{\"@type\":\"WebPage\",\"@id\":\"https:\/\/human-connection.org\/fr\/safety-tips\/\",\"url\":\"https:\/\/human-connection.org\/fr\/safety-tips\/\",\"name\":\"app-Safety Tips | Human Connection\",\"isPartOf\":{\"@id\":\"https:\/\/human-connection.org\/fr\/#website\"},\"datePublished\":\"2021-12-07T07:00:31+00:00\",\"dateModified\":\"2022-01-14T07:43:28+00:00\",\"inLanguage\":\"fr-FR\",\"potentialAction\":[{\"@type\":\"ReadAction\",\"target\":[\"https:\/\/human-connection.org\/fr\/safety-tips\/\"]}]},{\"@type\":\"WebSite\",\"@id\":\"https:\/\/human-connection.org\/fr\/#website\",\"url\":\"https:\/\/human-connection.org\/fr\/\",\"name\":\"Human Connection\",\"description\":\"Gemeinsam setzen wir ein Zeichen!\",\"publisher\":{\"@id\":\"https:\/\/human-connection.org\/fr\/#organization\"},\"potentialAction\":[{\"@type\":\"SearchAction\",\"target\":{\"@type\":\"EntryPoint\",\"urlTemplate\":\"https:\/\/human-connection.org\/fr\/?s={search_term_string}\"},\"query-input\":{\"@type\":\"PropertyValueSpecification\",\"valueRequired\":true,\"valueName\":\"search_term_string\"}}],\"inLanguage\":\"fr-FR\"},{\"@type\":\"Organization\",\"@id\":\"https:\/\/human-connection.org\/fr\/#organization\",\"name\":\"Human Connection gemeinn\u00fctzige GmbH\",\"url\":\"https:\/\/human-connection.org\/fr\/\",\"logo\":{\"@type\":\"ImageObject\",\"inLanguage\":\"fr-FR\",\"@id\":\"https:\/\/human-connection.org\/fr\/#\/schema\/logo\/image\/\",\"url\":\"https:\/\/human-connection.org\/wp-content\/uploads\/2020\/11\/hc_logo_transparent.png\",\"contentUrl\":\"https:\/\/human-connection.org\/wp-content\/uploads\/2020\/11\/hc_logo_transparent.png\",\"width\":1936,\"height\":567,\"caption\":\"Human Connection gemeinn\u00fctzige GmbH\"},\"image\":{\"@id\":\"https:\/\/human-connection.org\/fr\/#\/schema\/logo\/image\/\"},\"sameAs\":[\"https:\/\/www.facebook.com\/HumanConnectionOrg\/\",\"https:\/\/x.com\/hc_deutschland\",\"https:\/\/www.instagram.com\/hc_deutschland\/\",\"https:\/\/www.youtube.com\/c\/HumanConnectionNetwork\"]}]}<\/script>\n<!-- \/ Yoast SEO plugin. -->","yoast_head_json":{"title":"app-Safety Tips | Human Connection","robots":{"index":"index","follow":"follow","max-snippet":"max-snippet:-1","max-image-preview":"max-image-preview:large","max-video-preview":"max-video-preview:-1"},"canonical":"https:\/\/human-connection.org\/fr\/safety-tips\/","og_locale":"fr_FR","og_type":"article","og_title":"app-Safety Tips | Human Connection","og_description":"HC-Community Sicherheitstipps Neue Leute zu treffen ist spannend. Sei jedoch [&hellip;]","og_url":"https:\/\/human-connection.org\/fr\/safety-tips\/","og_site_name":"Human Connection","article_publisher":"https:\/\/www.facebook.com\/HumanConnectionOrg\/","article_modified_time":"2022-01-14T07:43:28+00:00","twitter_card":"summary_large_image","twitter_site":"@hc_deutschland","twitter_misc":{"Dur\u00e9e de lecture estim\u00e9e":"4 minutes"},"schema":{"@context":"https:\/\/schema.org","@graph":[{"@type":"WebPage","@id":"https:\/\/human-connection.org\/fr\/safety-tips\/","url":"https:\/\/human-connection.org\/fr\/safety-tips\/","name":"app-Safety Tips | Human Connection","isPartOf":{"@id":"https:\/\/human-connection.org\/fr\/#website"},"datePublished":"2021-12-07T07:00:31+00:00","dateModified":"2022-01-14T07:43:28+00:00","inLanguage":"fr-FR","potentialAction":[{"@type":"ReadAction","target":["https:\/\/human-connection.org\/fr\/safety-tips\/"]}]},{"@type":"WebSite","@id":"https:\/\/human-connection.org\/fr\/#website","url":"https:\/\/human-connection.org\/fr\/","name":"Human Connection","description":"Gemeinsam setzen wir ein Zeichen!","publisher":{"@id":"https:\/\/human-connection.org\/fr\/#organization"},"potentialAction":[{"@type":"SearchAction","target":{"@type":"EntryPoint","urlTemplate":"https:\/\/human-connection.org\/fr\/?s={search_term_string}"},"query-input":{"@type":"PropertyValueSpecification","valueRequired":true,"valueName":"search_term_string"}}],"inLanguage":"fr-FR"},{"@type":"Organization","@id":"https:\/\/human-connection.org\/fr\/#organization","name":"Human Connection gemeinn\u00fctzige GmbH","url":"https:\/\/human-connection.org\/fr\/","logo":{"@type":"ImageObject","inLanguage":"fr-FR","@id":"https:\/\/human-connection.org\/fr\/#\/schema\/logo\/image\/","url":"https:\/\/human-connection.org\/wp-content\/uploads\/2020\/11\/hc_logo_transparent.png","contentUrl":"https:\/\/human-connection.org\/wp-content\/uploads\/2020\/11\/hc_logo_transparent.png","width":1936,"height":567,"caption":"Human Connection gemeinn\u00fctzige GmbH"},"image":{"@id":"https:\/\/human-connection.org\/fr\/#\/schema\/logo\/image\/"},"sameAs":["https:\/\/www.facebook.com\/HumanConnectionOrg\/","https:\/\/x.com\/hc_deutschland","https:\/\/www.instagram.com\/hc_deutschland\/","https:\/\/www.youtube.com\/c\/HumanConnectionNetwork"]}]}},"_links":{"self":[{"href":"https:\/\/human-connection.org\/fr\/wp-json\/wp\/v2\/pages\/38119","targetHints":{"allow":["GET"]}}],"collection":[{"href":"https:\/\/human-connection.org\/fr\/wp-json\/wp\/v2\/pages"}],"about":[{"href":"https:\/\/human-connection.org\/fr\/wp-json\/wp\/v2\/types\/page"}],"author":[{"embeddable":true,"href":"https:\/\/human-connection.org\/fr\/wp-json\/wp\/v2\/users\/16"}],"replies":[{"embeddable":true,"href":"https:\/\/human-connection.org\/fr\/wp-json\/wp\/v2\/comments?post=38119"}],"version-history":[{"count":0,"href":"https:\/\/human-connection.org\/fr\/wp-json\/wp\/v2\/pages\/38119\/revisions"}],"wp:attachment":[{"href":"https:\/\/human-connection.org\/fr\/wp-json\/wp\/v2\/media?parent=38119"}],"curies":[{"name":"wp","href":"https:\/\/api.w.org\/{rel}","templated":true}]}}